{"id":516,"date":"2015-03-04T00:09:17","date_gmt":"2015-03-04T00:09:17","guid":{"rendered":"http:\/\/www.bibliotecadeverin.es\/?page_id=516"},"modified":"2016-04-06T16:26:01","modified_gmt":"2016-04-06T16:26:01","slug":"recortes-de-prensa-referentes-a-biblioteca","status":"publish","type":"page","link":"https:\/\/www.bibliotecadeverin.es\/?page_id=516","title":{"rendered":"Carta de Servizos"},"content":{"rendered":"<p style=\"text-align: justify;\">\u00a0<\/p>\n<table style=\"height: 119px;\" width=\"348\">\n<tbody>\n<tr>\n<td style=\"text-align: center;\"><a href=\"http:\/\/bibliotecadeverin.es\/wp-content\/uploads\/2015\/07\/triptico1.jpg\" target=\"_blank\"><img loading=\"lazy\" decoding=\"async\" class=\"wp-image-1307 size-thumbnail aligncenter\" src=\"http:\/\/bibliotecadeverin.es\/wp-content\/uploads\/2015\/07\/triptico1-150x150.jpg\" alt=\"triptico1\" width=\"150\" height=\"150\" \/><\/a><\/td>\n<td><a href=\"http:\/\/bibliotecadeverin.es\/wp-content\/uploads\/2015\/07\/triptico2.jpg\" target=\"_blank\"><img loading=\"lazy\" decoding=\"async\" class=\"alignleft wp-image-1310 size-thumbnail\" src=\"http:\/\/bibliotecadeverin.es\/wp-content\/uploads\/2015\/07\/triptico2-150x150.jpg\" alt=\"triptico2\" width=\"150\" height=\"150\" \/><\/a><\/td>\n<\/tr>\n<\/tbody>\n<\/table>\n<p style=\"text-align: justify;\"><strong>CARTA DE SERVIZOS.<\/strong><\/p>\n<p style=\"text-align: justify;\">INDICE:<\/p>\n<p style=\"text-align: justify;\">PR\u00d3LOGO<\/p>\n<p style=\"text-align: justify;\">A) DATOS DE CAR\u00c1CTER XERAL<\/p>\n<p style=\"text-align: justify;\">I. Datos identificativos<br \/> II. Servizos<br \/> III. Dereitos e obrigas dos\/as usuarios\/as dos servizos<br \/> IV. Suxerencias e queixas<br \/> V. Direcci\u00f3ns e formas de acceso<br \/> B) DATOS DERIVADOS DE COMPROMISOS DE CALIDADE E DA NORMATIVA APLICABLE<\/p>\n<p style=\"text-align: justify;\">I. Compromisos de calidade<\/p>\n<p style=\"text-align: justify;\">C) DATOS DE CAR\u00c1CTER COMPLEMENTARIO<\/p>\n<p style=\"text-align: justify;\">I. Horarios.<br \/> II. Outros datos de interese<\/p>\n<hr \/>\n<p style=\"text-align: justify;\">PR\u00d3LOGO<\/p>\n<p style=\"text-align: justify;\">A Carta de Servizos da Biblioteca P\u00fablica Municipal do Concello de Ver\u00edn ten como prop\u00f3sito facilitar \u00e1s persoas a obtenci\u00f3n de informaci\u00f3n e os servizos proporcionados pola Biblioteca.<br \/> As\u00ed mesmo \u00e9 o compromiso para a mellora continuada, acadando o nivel optimo de calidade en todos e cada un dos servizos ofertados.<\/p>\n<hr \/>\n<p style=\"text-align: justify;\">A) DATOS DE CAR\u00c1CTER XERAL<\/p>\n<p style=\"text-align: justify;\">I. DATOS DE IDENTIFICADOS<br \/> I.I Datos identificativos da B.P.M. do Concello de Ver\u00edn.<\/p>\n<p style=\"text-align: justify;\">A B.P.M. do Concello de Ver\u00edn \u00e9 un Servizo que depende do Ilmo. Concello de Ver\u00edn.<\/p>\n<p style=\"text-align: justify;\">I.II. Misi\u00f3n da Biblioteca.<\/p>\n<p style=\"text-align: justify;\">A B.P.M. do Concello de Ver\u00edn constit\u00fae un punto de formaci\u00f3n e informaci\u00f3n para a comunidade onde se integran. Segundo o Manifesto da UNESCO de 1994, \u201ca biblioteca p\u00fablica \u00e9 un centro local de informaci\u00f3n que facilita aos seus usuarios toda clase de co\u00f1ecementos e informaci\u00f3n\u201d. Sobre esta premisa, as bibliotecas municipais fomentan o acceso \u00e1 cultura e pretenden ser o referente cultural da comunidade, adapt\u00e1ndose \u00e1s necesidades de ocio e espallamento dos\/as seus\/s\u00faas usuarios\/as.<\/p>\n<p style=\"text-align: justify;\">I.III. Identificaci\u00f3n da Unidade responsable da elaboraci\u00f3n, xesti\u00f3n e seguimiento da Carta de Servizos.<\/p>\n<p style=\"text-align: justify;\">A B.P.M. do Concello de Ver\u00edn \u00e9 a unidade responsable da coordinaci\u00f3n operativa nos traballos de elaboraci\u00f3n, xesti\u00f3n e seguimiento da presente Carta de Servizos.<\/p>\n<p style=\"text-align: justify;\">I.IV. Formas de colaboraci\u00f3n y participaci\u00f3n con la BPM do Concello de Ver\u00edn.<\/p>\n<p style=\"text-align: justify;\">A persoas usuarias dos servizos que presta a B.P.M. do Concello de Ver\u00edn podr\u00e1n colaborar na mellora da prestaci\u00f3n do servizo a trav\u00e9s dos siguientes medios:<\/p>\n<p style=\"text-align: justify;\">P\u00e1xina Web: www.bibliotecadeverin.es<br \/> Correo-electr\u00f3nico: biblioteca@verin.net<br \/> Escritos dirixidos ao Ilmo. Concello de Ver\u00edn &#8211; Praza do Concello 1 &#8211; 32600 Ver\u00edn<br \/> II. SERVIZOS<\/p>\n<p style=\"text-align: justify;\">Introducci\u00f3n:<br \/> A B.P.M. do Concello de Ver\u00edn \u00e9 unha entidad dependente do citado concello, que ofrece dende os seus inicios TODOS os seus servizos de xeito GRATUITO (exceptuando o servizo de reprografia que ten o coste fixado na Ordenanza Municipal da Biblioteca).<br \/> Esta caracter\u00edstica fai que sexa o principio de universalidade e acceso p\u00fablico ao co\u00f1ecemento, realmente estricto e veraz.<\/p>\n<p style=\"text-align: justify;\">II.I. Relaci\u00f3n de Servizos que presta en base \u00e1s tareas esixibles ao seu funcionariado.<\/p>\n<p style=\"text-align: justify;\">A B.P.M. do Concello de Ver\u00edn correspondelle as seguintes funci\u00f3ns, distribuidas nos diferentes Servizos integrados na mesma:<\/p>\n<p style=\"text-align: justify;\">1. INFORMACI\u00d3N E REFERENCIA<\/p>\n<p style=\"text-align: justify;\">\u2022 Orientaci\u00f3n no uso dos recursos de informaci\u00f3n. Orientaci\u00f3n personalizada, presencial e remota nas \u00e1reas de co\u00f1ecemento do usuario.<br \/> \u2022 Informaci\u00f3n presencial e remota sobre a Biblioteca, os seus servizos e recursos.<br \/> \u2022 Asesoramento para buscar e localizar informaci\u00f3n tanto na Biblioteca Municipal de Ver\u00edn coma noutras bibliotecas.<\/p>\n<p style=\"text-align: justify;\">2. FORMACI\u00d3N DE USUARIOS<\/p>\n<p style=\"text-align: justify;\">\u2022 Sesi\u00f3ns formativas sobre a Biblioteca, os seus servicios e recursos.<\/p>\n<p style=\"text-align: justify;\">3. CONSULTA E BIBLIOTECA DIXITAL<\/p>\n<p style=\"text-align: justify;\">\u2022 Consulta de materiais orixinais e reproducidos.<br \/> \u2022 Acceso e consulta de recursos de informaci\u00f3n electr\u00f3nicos (bases de datos, revistas electr\u00f3nicas, libros electr\u00f3nicos suscritos).<\/p>\n<p style=\"text-align: justify;\">4. PR\u00c9STAMO A DOMICILIO<\/p>\n<p style=\"text-align: justify;\">\u2022 Pr\u00e9stamo dos documentos existentes na Biblioteca (sempre que gocen desta condici\u00f3n)<br \/> \u2022 Renovar os pr\u00e9stamos.<br \/> \u2022 Reservar materiais prestados.<\/p>\n<p style=\"text-align: justify;\">5. PR\u00c9STAMO INTERBIBLIOTECARIO<br \/> \u2022 Petici\u00f3n de pr\u00e9stamo que realiza \u00e1 Biblioteca de Ver\u00edn a outra Biblioteca, de documentos, orixinais ou copias, que non se atopen na colecci\u00f3n da Biblioteca de Ver\u00edn. (os costes derivados desta petici\u00f3n podr\u00e1n ser revertidos ao\/\u00e1 usuario\/a).<br \/> \u2022 Env\u00edo de documentos solicitados por outras Bibliotecas.<\/p>\n<p style=\"text-align: justify;\">6. ADQUISICI\u00d3N DE DOCUMENTOS<\/p>\n<p style=\"text-align: justify;\">\u2022 Garantizar, na medida do posible, a adquisici\u00f3n de novos documentos.<\/p>\n<p style=\"text-align: justify;\">7. REPRODUCCI\u00d3N DE DOCUMENTOS<\/p>\n<p style=\"text-align: justify;\">\u2022 Reproducir, coas restrici\u00f3ns que dispo\u00f1a a lexislaci\u00f3n vixente, os documentos existentes.<\/p>\n<p style=\"text-align: justify;\">8 . ACCESO AOS ORDENADORES \/ INTERNET \/ WIFI<\/p>\n<p style=\"text-align: justify;\">\u2022 Posibilidade de acceso aos ordenadores\/Internet para os\/as socios\/as da Biblioteca de Ver\u00edn, sempre atendendo \u00e1 normativa da Ordenanza municipal que distingue socios\/as empadroados\/as dos\/as non empadroados\/as e os\/as socios\/as menores de idade dos\/as maiores de idade.<br \/> \u2022 Posibilidade de acceso aos ordenadores da sala de cursos para asociaci\u00f3ns, grupos ou colectivos diversos, sempre e cuando exista unha petici\u00f3n formal no rexistro do Concello de Ver\u00edn.<br \/> \u2022 Posibilidade de acceso a Internet coa WIFI, solicitando usuario e contrasinal.<\/p>\n<p style=\"text-align: justify;\">9. SERVIZO DE PRENSA<\/p>\n<p style=\"text-align: justify;\">\u2022 Consulta de xeito gratuito dos xornais que dispo\u00f1a a Biblioteca de Ver\u00edn.<br \/> \u2022 Posibilidade de reserva de alg\u00fan xornal, para levar en pr\u00e9stamo.<\/p>\n<p style=\"text-align: justify;\">10. HEMEROTECA DOS RECORTES DE PRENSA.<br \/> \u2022 Consulta, previa petici\u00f3n aos\/as funcionarios\/as, aos recortes de prensa que sobre Ver\u00edn foron publicados.<\/p>\n<p style=\"text-align: justify;\">11. BIBLIOPISCINA<\/p>\n<p style=\"text-align: justify;\">\u2022 Servizo bibliotecario que se presta nas instalaci\u00f3ns das piscinas municipais do Concello de Ver\u00edn, nos meses do ver\u00e1n (xullo e agosto), pero cun funcionamento distinto de pr\u00e9stamo ao da biblioteca tradicional.<\/p>\n<p style=\"text-align: justify;\">12. BIBLIO-R\u00daA<\/p>\n<p style=\"text-align: justify;\">\u2022 Servizo bibliotecario pensado para dar a co\u00f1ecer non s\u00f3 a instalaci\u00f3n senon todos os servizos que nela se ofertan, realizado normalmente nos meses de ver\u00e1n (xullo e agosto), coincidindo c\u00f3s d\u00edas de maior afluencia de xente a nosa vila.<\/p>\n<p style=\"text-align: justify;\">II.II. Relaci\u00f3n de Servizos que presta en base \u00e1s tareas NON esixibles ao seu funcionariado.<\/p>\n<p style=\"text-align: justify;\">ACTIVIDADES DE EXTENSI\u00d3N BIBLIOTECARIA<\/p>\n<p style=\"text-align: justify;\">A. Fomento da Lectura en idades tempranas con actividades de contacontos e manualidades.<br \/> B. Club de Lectura.<br \/> C. Exposici\u00f3ns.<br \/> D. Conferencias.<br \/> E. Presentaci\u00f3ns de libros.<br \/> F. Visitas guiadas \u00e1 Biblioteca a grupos.<br \/> G. Cursos de inform\u00e1tica.<br \/> H. Xesti\u00f3n de web da biblioteca e as s\u00faas redes sociais.<\/p>\n<p style=\"text-align: justify;\">II.III. Normativa reguladora dos servizos prestados pola Biblioteca.<\/p>\n<p style=\"text-align: justify;\">Xeral:<br \/> \u2022 Lei 16\/85, do 25 de xu\u00f1o de patrimonio hist\u00f3rico espa\u00f1ol.<br \/> \u2022 Pautas da IFLA ( The International Federation of Library Associations and Institutions) sobre bibliotecas p\u00fablicas de 1986.<br \/> \u2022 Real decreto 582\/1989, do 19 de maio, polo que se aproba o regulamento de bibliotecas p\u00fablicas do Estado e do sistema espa\u00f1ol de bibliotecas.<br \/> \u2022 Manifesto da UNESCO sobre biblioteca p\u00fablica de 1994.<br \/> \u2022 Real decreto lexislativo 1\/1996, do 12 de abril, texto refundido da propiedade intelectual.<br \/> \u2022 Directrices 2001 IFLA-UNESCO para o desenvolvemento do servizo de biblioteca p\u00fablica.<br \/> \u2022 Regulaci\u00f3n rede Unesco de bibliotecas asociadas (Unesco Network of Associated Libraries). UNAL, adhesi\u00f3n 5 de xu\u00f1o de 2011.<br \/> \u2022 Lei 21\/2014, de 4 de novembro, pola que se modifica o texto refundido da Lei de Propiedade Intelectual, aprobado por Real Decreto Lexislativo 1\/1996,<br \/> de 12 de abril, e a Lei 1\/2000, de 7 de enero, de Enxuizamento Civil.<\/p>\n<p style=\"text-align: justify;\">Especifica:<br \/> \u2022 ORDENANZA DA B.P.M. DO CONCELLO DE VER\u00cdN.<br \/> Facer constar que a precedente ordenanza publicouse integramente no Bolet\u00edn Oficial da Provincia de Ourense n\u00famero 156 de data 09.07.2012.<\/p>\n<p style=\"text-align: justify;\">III.I. Dereitos dos usuarios e das usuarias<\/p>\n<p style=\"text-align: justify;\">En base ao disposto na Lei 30\/1992 de R\u00e9ximen Xur\u00eddico das Administraci\u00f3ns P\u00fablicas e o Procedemento Administrativo Com\u00fan, as persoas usuarias te\u00f1en dereito, entre outros, a:<br \/> 1. Ser tratadas c\u00f3 debido respeto e consideraci\u00f3n.<br \/> 2. Recibir informaci\u00f3n de interese xeral e espec\u00edfica nos procedementos que lles afecten, que se tramiten neste Centro de xeito presencial, telef\u00f3nica, inform\u00e1tica e telem\u00e1ticamente.<br \/> 3. Ser obxeto de una atenci\u00f3n directa e personalizada.<br \/> 4. Obter informaci\u00f3n administrativa de xeito eficaz e r\u00e1pidamente.<br \/> 5. Recibir unha informaci\u00f3n administrativa real, veraz e accesible, dentro da m\u00e1is estricta confidencialidade.<br \/> 6. Obter unha orientaci\u00f3n positiva.<br \/> 7. Co\u00f1ecer a identidade das autoridades e o personal funcionario que tramitan os procedementos.<br \/> 8. Recibir atenci\u00f3n personalizada presencial, por medio do tel\u00e9fono ou correo electr\u00f3nico.<br \/> 9. Recibir informaci\u00f3n e asesoramiento sobre a Biblioteca, os seus servizos e recursos. 10. Acceder libre e de balde aos espazos destinados aos\/as usuarios\/as da Biblioteca nas condici\u00f3ns establecidas pola normativa vixente.<br \/> 11. Dispor de espazos para a lectura, o estudo e o aprendizaxe.<br \/> 12. Acceder e consultar os fondos e recursos de informaci\u00f3n da Biblioteca de acordo \u00e1 normativa vixente.<br \/> 13. Dispor de recursos de informaci\u00f3n de calidade, adecuadas \u00e1s distintas \u00e1reas de co\u00f1ecemento, tanto impresos coma electr\u00f3nicos.<br \/> 14. Dispor de equipamientos e infraestructuras adecuados.<br \/> 15. As\u00ed coma todos DEREITOS reflexados na ORDENANZA DA B.P.M. DO CONCELLO DE VER\u00cdN.<br \/> III.II. Deberes dos\/as usuarios\/as.<br \/> Son deberes das persoas usuarias da Biblioteca P\u00fablica Municipal de Ver\u00edn:<\/p>\n<p style=\"text-align: justify;\">1. Cumplir c\u00f3 disposto na normativa da ORDENANZA DA B.P.M. DO CONCELLO DE VER\u00cdN.<br \/> 2. Respetar o patrimonio da Biblioteca e facer un correcto uso das s\u00faas instalaci\u00f3ns, equipos e recursos.<br \/> 3. Os\/as usuarios\/as deben evitar calquer comportamento que interfira nos dereitos dos demais usuarios\/as (como reservar postos de lectura, uso inadecuado dos medios inform\u00e1ticos, non respetar o silenzo, etc..).<br \/> 4. Para facer uso do servizo de pr\u00e9stamo estarase en posesi\u00f3n do carn\u00e9 validado pola Biblioteca de Ver\u00edn (socio\/a non empadroado\/a) ou da Eurocidade, a este efecto.<br \/> Dito carn\u00e9 \u00e9 persoal e intransferible.<br \/> 5. As persoas usuarias deber\u00e1n velar polas s\u00faas pertenzas xa que a Biblioteca P\u00fablica Municipal do Concello de Ver\u00edn no se far\u00e1 responsable das p\u00e9rdidas, roubos ou deterioros.<\/p>\n<p style=\"text-align: justify;\">IV. SUXERENCIAS E QUEIXAS<\/p>\n<p style=\"text-align: justify;\">IV.I. Suxerencias e Queixas<\/p>\n<p style=\"text-align: justify;\">1. As persoas usuarias da Biblioteca P\u00fablica Municipal do Concello de Ver\u00edn, te\u00f1en reco\u00f1ecido o seu dereito a formular suxerencias e queixas sobre o funcionamento dos servicios prestados.<br \/> 2. Os sistemas de Suxerencias e Queixas son tam\u00e9n un instrumento que facilita a participaci\u00f3n de t\u00f3dalas persoas nas s\u00faas relaci\u00f3ns coa Biblioteca P\u00fablica Municipal do Concello de Ver\u00edn, xa que poden presentar as queixas oportunas cando consideren ter sido obxeto de desatenci\u00f3n, tardanza ou cualquer outra anomal\u00eda, as\u00ed coma formular cantas suxerencias estimen convintes de xeito a mellorar a eficacia dos servizos.<\/p>\n<p style=\"text-align: justify;\">IV.II. Formas de presentaci\u00f3n das Suxerencias e Queixas<\/p>\n<p style=\"text-align: justify;\">Quen pretenda formalizar unha Suxerencia ou Queixa, deber\u00e1n formalizarla a trav\u00e9s de:<br \/> P\u00e1xina Web: www.bibliotecadeverin.es ; apartado contacta con n\u00f3s<br \/> Correo-electr\u00f3nico: biblioteca@verin.net<br \/> Escritos dirixidos ao Ilmo. Concello de Ver\u00edn &#8211; Praza do Concello 1 &#8211; 32600 Ver\u00edn<\/p>\n<p style=\"text-align: justify;\">V. DIRECCI\u00d3NS<\/p>\n<p style=\"text-align: justify;\">V.I. Direcci\u00f3ns postais, telef\u00f3nicas e telem\u00e1ticas<\/p>\n<p style=\"text-align: justify;\">Direcci\u00f3n da Biblioteca<\/p>\n<p style=\"text-align: justify;\">Biblioteca P\u00fablica Municipal de Ver\u00edn<br \/> Avda. Portugal, 11<br \/> Ver\u00edn , 32600<br \/> Ourense Galicia<br \/> Espa\u00f1a<br \/> Tel: (988) 413624<br \/> Correo electr\u00f3nico: <a href=\"mailto:biblioteca@verin.net\" target=\"_blank\">biblioteca@verin.net<\/a><\/p>\n<p style=\"text-align: justify;\">Direcci\u00f3n do Concello de Ver\u00edn<\/p>\n<p style=\"text-align: justify;\">Ilmo. Concello de Ver\u00edn<br \/> Praza do Concello 1<br \/> 32600 Ver\u00edn, Ourense<br \/> Espa\u00f1a<br \/> Buz\u00f3n do Cidad\u00e1n:<br \/> <a href=\"http:\/\/www.verin.es\/index.php?option=com_wrapper&amp;view=wrapper&amp;Itemid=67\" target=\"_blank\">http:\/\/www.verin.es\/index.php?option=com_wrapper&amp;view=wrapper&amp;Itemid=67<\/a><\/p>\n<hr \/>\n<p style=\"text-align: justify;\">B) DATOS DERIVADOS DE COMPROMISOS DE CALIDADE<\/p>\n<p style=\"text-align: justify;\">I. COMPROMISOS DE CALIDADE<\/p>\n<p style=\"text-align: justify;\">I.I. Niveles de compromisos de calidade ofrecidos<\/p>\n<p style=\"text-align: justify;\">A relaci\u00f3n de servizos prestados pola Biblioteca P\u00fablica Municipal de Ver\u00edn recollidos nesta Carta prestaranse e reco\u00f1ecer\u00e1n conforme aos seguintes compromisos de calidade, sempre na medida do posible, co\u00f1ecendo as limitaci\u00f3ns presupuestarias e de funcionarios\/as:<\/p>\n<p style=\"text-align: justify;\">1. Mantener actualizada a informaci\u00f3n da web, do apartado de OPAC do Cat\u00e1logo On-Line.<br \/> 2. Atenci\u00f3n e informaci\u00f3n personalizada.<br \/> 3. Responder nun plazo m\u00e1ximo de 2 d\u00edas h\u00e1biles \u00e1s consultas realizadas electr\u00f3nicamente.<br \/> 4. Realizar acciones formativas suficientes para os\/as usuarios\/as.<br \/> 5. Ofrecer ordenadores suficientes por n\u00famero de usuarios (sempre na medida econ\u00f3mica posible).<br \/> 6. Realizar o tr\u00e1mite de pr\u00e9stamo a domicilio nun tempo m\u00e1ximo de 15 minutos.<br \/> 7. Realizar renovaci\u00f3ns telef\u00f3nicas e electr\u00f3nicas.<br \/> 8. Tramitar solicitudes de pr\u00e9stamo interbibliotecario nun m\u00e1ximo de 6 d\u00edas en per\u00edodo lectivo.<br \/> 9. Colaborar e participar en actividades culturais con distintas entidades, asociaci\u00f3ns, colectivos, etc&#8230;<\/p>\n<hr \/>\n<p style=\"text-align: justify;\">C) DATOS DE CAR\u00c1CTER COMPLEMENTARIO<\/p>\n<p style=\"text-align: justify;\">I. HORARIOS:<\/p>\n<p style=\"text-align: justify;\">I.I. Horarios de atenci\u00f3n ao p\u00fablico<\/p>\n<p style=\"text-align: justify;\">O horario de apertura \u00e9:<br \/> Normal:<br \/> Luns a Venres de 10:30 a 13:30 horas e de 16:00 a 20:30 horas. S\u00e1bados de 11:30 a 13:30 horas<br \/> Reducido:<br \/> Horario de Ver\u00e1n De Luns a Venres: de 10:00 a 13:30 h. de 16:30 a 19:30 h. do 1 de Xu\u00f1o ao 30 de Setembro.<\/p>\n<p style=\"text-align: justify;\">Horario BIBLIOPISCINA:<br \/> Luns a Domingo de 17:00 &#8211; 20:00h. (xullo e agosto)<br \/> II. OUTROS DATOS DE INTERESE:<\/p>\n<p style=\"text-align: justify;\"><strong>\u2022 CERTIFICACI\u00d3N UNESCO.<\/strong><\/p>\n<p style=\"text-align: justify;\">A Biblioteca do Concello de Ver\u00edn, foi nomeada en 2011, \u201cUnesco Network of Associated Libraries\u201d, \u00e9 decir: membro da Rede de Bibliotecas UNESCO, polo que se certifica que a nosa biblioteca cumpre todos os principios de Fomento da Lectura, Desenrolo da Cultura, Solidariedade-Voluntariado, e Cooperaci\u00f3n con distintas entidades (Colexios, Asociaci\u00f3ns, etc\u2026), tal e como indican as bases da Organizaci\u00f3n das Naci\u00f3ns Unidas para a Educaci\u00f3n a Ciencia e a Cultura, para poder adherirse a esta Rede de Bibliotecas.<\/p>\n<p style=\"text-align: justify;\"><strong>\u2022 PREMIOS MAR\u00cdA MOLINER AO FOMENTO DA LECTURA.<\/strong><\/p>\n<p style=\"text-align: justify;\">A Biblioteca P\u00fablica Municipal do Concello de Ver\u00edn, foi Premiada por 6\u00ba ANO CONSECUTIVO (2008, 2009, 2009, 2010, 2012, 2014) no Premio Mar\u00eda Moliner de Animaci\u00f3n a la Lectura que organiza o Ministerio de Cultura.<\/p>\n<p style=\"text-align: justify;\"><strong>\u2022 MELLOR INICIATIVA DE ESPA\u00d1A AO FOMENTO DA LECTURA 2011.<\/strong><\/p>\n<p style=\"text-align: justify;\">A Federaci\u00f3n de Gremios de Editores de Espa\u00f1a concedeu \u00e1 Biblioteca P\u00fablica Municipal de Ver\u00edn o premio \u00e1 Mellor Iniciativa ao Fomento da Lectura para Bibliotecas P\u00fablicas 2011.<\/p>\n<p style=\"text-align: justify;\"><strong>\u2022 PREMIO DA FUNDACI\u00d3N ANTENA 3 POLA LABOR C\u00d3S\/AS VOLUNTARIOS\/AS 2010.<\/strong><\/p>\n<p style=\"text-align: justify;\">A Fundaci\u00f3n Antena 3 premiou \u00e1 Biblioteca de Ver\u00edn e os\/as seus\/s\u00faas Voluntarios\/as pola labor de voluntariado que levaron a cabo para o fomento da lectura.<\/p>\n<p style=\"text-align: justify;\">Carta de Servizos realizada en Ver\u00edn 11 de marzo de 2015<\/p>\n<hr \/>\n<p style=\"text-align: justify;\"><a href=\"http:\/\/biblioteca.ugr.es\/\" target=\"_blank\"><img loading=\"lazy\" decoding=\"async\" class=\" size-full wp-image-747 alignleft\" src=\"http:\/\/bibliotecadeverin.es\/wp-content\/uploads\/2015\/03\/biblioteca-universitaria-Gr.jpg\" alt=\"biblioteca-universitaria-Gr\" width=\"235\" height=\"128\" \/><\/a>Agradecemos a colaboraci\u00f3n de D\u00f1a. Mar\u00eda Jos\u00e9 Ariza Rubio, Directora de la Biblioteca Universitaria de Granada, na confecci\u00f3n desta Carta de Servizos.<\/p>\n","protected":false},"excerpt":{"rendered":"<p>\u00a0 CARTA DE SERVIZOS. INDICE: PR\u00d3LOGO A) DATOS DE CAR\u00c1CTER XERAL I. Datos identificativos II. Servizos III. Dereitos e obrigas dos\/as usuarios\/as dos servizos&#8230; &nbsp; <a href=\"https:\/\/www.bibliotecadeverin.es\/?page_id=516\" class=\"moretag\">Ler m\u00e1is<\/a><\/p>\n","protected":false},"author":1,"featured_media":0,"parent":0,"menu_order":0,"comment_status":"closed","ping_status":"closed","template":"","meta":{"footnotes":""},"class_list":["post-516","page","type-page","status-publish","hentry"],"_links":{"self":[{"href":"https:\/\/www.bibliotecadeverin.es\/index.php?rest_route=\/wp\/v2\/pages\/516","targetHints":{"allow":["GET"]}}],"collection":[{"href":"https:\/\/www.bibliotecadeverin.es\/index.php?rest_route=\/wp\/v2\/pages"}],"about":[{"href":"https:\/\/www.bibliotecadeverin.es\/index.php?rest_route=\/wp\/v2\/types\/page"}],"author":[{"embeddable":true,"href":"https:\/\/www.bibliotecadeverin.es\/index.php?rest_route=\/wp\/v2\/users\/1"}],"replies":[{"embeddable":true,"href":"https:\/\/www.bibliotecadeverin.es\/index.php?rest_route=%2Fwp%2Fv2%2Fcomments&post=516"}],"version-history":[{"count":5,"href":"https:\/\/www.bibliotecadeverin.es\/index.php?rest_route=\/wp\/v2\/pages\/516\/revisions"}],"predecessor-version":[{"id":1542,"href":"https:\/\/www.bibliotecadeverin.es\/index.php?rest_route=\/wp\/v2\/pages\/516\/revisions\/1542"}],"wp:attachment":[{"href":"https:\/\/www.bibliotecadeverin.es\/index.php?rest_route=%2Fwp%2Fv2%2Fmedia&parent=516"}],"curies":[{"name":"wp","href":"https:\/\/api.w.org\/{rel}","templated":true}]}}