{"id":510,"date":"2015-03-04T00:07:19","date_gmt":"2015-03-04T00:07:19","guid":{"rendered":"http:\/\/www.bibliotecadeverin.es\/?page_id=510"},"modified":"2015-07-29T16:43:10","modified_gmt":"2015-07-29T16:43:10","slug":"proxecto-voluntariado-cultural","status":"publish","type":"page","link":"https:\/\/www.bibliotecadeverin.es\/?page_id=510","title":{"rendered":"Proxecto Voluntariado Cultural"},"content":{"rendered":"<div id=\"attachment_1178\" class=\"wp-caption alignleft\" style=\"width: 300px\"><a href=\"http:\/\/bibliotecadeverin.es\/wp-content\/uploads\/2015\/04\/CONTACONTOS-2011.jpg\"><img loading=\"lazy\" decoding=\"async\" class=\"wp-image-1178 size-medium\" src=\"http:\/\/bibliotecadeverin.es\/wp-content\/uploads\/2015\/04\/CONTACONTOS-2011-300x132.jpg\" alt=\"Lorena Carnero P\u00e9rez, Esther Vaz Dieguez e Roberto Castro voluntari@s da BPM do Concello de Ver\u00edn, nun contacontos na sala infantil no 2012.\" width=\"300\" height=\"132\" srcset=\"https:\/\/www.bibliotecadeverin.es\/wp-content\/uploads\/2015\/04\/CONTACONTOS-2011-300x132.jpg 300w, https:\/\/www.bibliotecadeverin.es\/wp-content\/uploads\/2015\/04\/CONTACONTOS-2011-1024x449.jpg 1024w, https:\/\/www.bibliotecadeverin.es\/wp-content\/uploads\/2015\/04\/CONTACONTOS-2011.jpg 1140w\" sizes=\"auto, (max-width: 300px) 100vw, 300px\" \/><\/a><p class=\"wp-caption-text\">Lorena Carnero P\u00e9rez, Esther Vaz Dieguez e Roberto Castro voluntari@s da BPM do Concello de Ver\u00edn, nun contacontos na sala infantil no 2012.<\/p><\/div>\n<p style=\"text-align: center;\">(<a href=\"http:\/\/bibliotecadeverin.es\/wp-content\/uploads\/2015\/03\/voluntariado-cultural.pdf\" target=\"_blank\">PDF Castel\u00e1n 480kb<\/a>)<\/p>\n<p style=\"text-align: center;\">\u00a0Voluntariado Cultural para a animaci\u00f3n \u00e1 Lectura (2009 &#8211; 2015)<\/p>\n<p>&nbsp;<\/p>\n<p style=\"text-align: justify;\">\u00a0<\/p>\n<p style=\"text-align: justify;\">\u00a0<\/p>\n<p style=\"text-align: justify;\"><strong>Definici\u00f3n do Proxecto:<\/strong><\/p>\n<ul style=\"text-align: justify;\">\n<li>Orixe do Voluntariado Cultural<\/li>\n<\/ul>\n<p style=\"text-align: justify;\">A Biblioteca de Ver\u00edn \u00e9 de caracter municipal, polo tanto a variedade dos servizos que debe ofertar aos\/as usuarios\/as non se limita \u00fanicamente ao pr\u00e9stamo ou utilizaci\u00f3n das instalaci\u00f3ns como sala de consulta e estudo, sen\u00f3n que debe ser entendido coma un espazo multidisciplinar aberto a todos\/as os\/as veci\u00f1os\/s (o que implica unha variedade de idades moi ampla), promovendo unha gran iniciativa en actividades, convert\u00e9ndose nun centro cultural de referenza no pobo.<\/p>\n<p style=\"text-align: justify;\">Cunhos recursos limitados, nos plantexamos no primeiro trimestre de 2009, a posibilidade de ampliar os servizos bibliotecarios coa apertura dunha BIBLIOPISCINA, nas piscinas descubertas de A Granxa, de titulariedade municipal, sendo atendida polo propio persoal da Biblioteca e tam\u00e9n por Voluntarios\/as.<\/p>\n<div id=\"attachment_685\" class=\"wp-caption alignleft\" style=\"width: 150px\"><a href=\"http:\/\/bibliotecadeverin.es\/wp-content\/uploads\/2015\/03\/bibliopiscina2009.jpg\" target=\"_blank\"><img loading=\"lazy\" decoding=\"async\" class=\"wp-image-685 size-thumbnail\" src=\"http:\/\/bibliotecadeverin.es\/wp-content\/uploads\/2015\/03\/bibliopiscina2009-150x150.jpg\" alt=\"bibliopiscina2009\" width=\"150\" height=\"150\" \/><\/a><p class=\"wp-caption-text\">Presentaci\u00f3n da Bibliopiscina, no ano 2009<\/p><\/div>\n<p style=\"text-align: justify;\">Deste xeito recurrimos aos\/as rapaces\/zas que acud\u00edan regularmente \u00e1 Biblioteca, e tras unha reuni\u00f3n cos\/as seus pais\/nais, plantexamos a posibilidade de que traballaran voluntariamente no ver\u00e1n de 2009 (xullo e agosto). O resultado da devandita reuni\u00f3n foi magn\u00edfico, non s\u00f3 estaban conformes sen\u00f3n que se mostraban agradecidos de que tiv\u00e9semos unha iniciativa semellante para os\/as seus fillos\/as.<br \/> As\u00ed a posta en funcionamento deste novo servizo foi todo un \u00e9xito, tendo no ver\u00e1n de 2009 unhos datos de m\u00e1is de 2000 pr\u00e9stamos cun horario de LUNS a DOMINGO de 17:00 a 20:00 horas.<br \/> (O servizo de Bibliopiscina \u00e9 un referente e mantense dende o 2009 de xeito continuado)<\/p>\n<p style=\"text-align: justify;\"><a href=\"http:\/\/bibliotecadeverin.es\/wp-content\/uploads\/2015\/03\/eusonvoluntario.jpg\" target=\"_blank\"><img loading=\"lazy\" decoding=\"async\" class=\" size-full wp-image-678 alignright\" src=\"http:\/\/bibliotecadeverin.es\/wp-content\/uploads\/2015\/03\/eusonvoluntario.jpg\" alt=\"eusonvoluntario\" width=\"150\" height=\"74\" \/><\/a>A figura do\/a Voluntario\/a da Biblioteca de Ver\u00edn empezou a s\u00faa andadura no ver\u00e1n do 2009, mant\u00e9ndose no tempo, ata a data actual, en todas e cada unha das actividades de Fomento da Lectura que celebra a Biblioteca.<\/p>\n<p style=\"text-align: justify;\"><strong>Que \u00e9 o Voluntariado cultural?<\/strong><\/p>\n<p style=\"text-align: justify;\">Vimos observando, que cando son os\/as nosos\/as Voluntarios\/as (m\u00e1is novos\/as) realizan o contacontos ou manualidades a atenci\u00f3n dos\/as nenos\/as que asisten aos mesmos increm\u00e9ntase exponencialmente.<\/p>\n<ul style=\"text-align: justify;\">\n<li><strong>Definici\u00f3n do Voluntariado:<\/strong><\/li>\n<\/ul>\n<p style=\"text-align: justify;\">Son aqueles\/as rapaces\/zas menores\/maiores de idade, que prestan o seu tempo libre en actividades de car\u00e1cter cultural-educativo na Biblioteca de Ver\u00edn sen menoscabo das s\u00faas obrigas escolares, familiares&#8230;.<br \/> A s\u00faa participaci\u00f3n vai en funci\u00f3n do seu tempo libre, na \u00e9poca lectiva \u00e9 m\u00e1is dif\u00edcil contar coa s\u00faa participaci\u00f3n, (a\u00ednda que os venres, d\u00eda xa asentado coma de Actividades na Biblioteca sempre est\u00e1n presentes), pero na \u00e9poca estival, xeneranse unhos cuadrantes de traballo para a s\u00faa participaci\u00f3n na Bibliopiscina e na Biblio-R\u00faa.<\/p>\n<p style=\"text-align: justify;\">O Voluntariado Cultural \u00e9 o principal proxecto da Biblioteca de Ver\u00edn, porque por medio do mesmo estamos aportando valores e responsabilidade a rapaces\/zas e tam\u00e9n c\u00f3 seu traballo realizamos actividades de Fomento de Lectura para os\/as m\u00e1is cativos\/as.<\/p>\n<ul style=\"text-align: justify;\">\n<li><strong>Quen pode ser Voluntario\/a da Biblioteca?<\/strong><\/li>\n<\/ul>\n<div id=\"attachment_1087\" class=\"wp-caption alignleft\" style=\"width: 150px\"><a href=\"http:\/\/bibliotecadeverin.es\/wp-content\/uploads\/2015\/03\/DSC08555.jpg\" target=\"_blank\"><img loading=\"lazy\" decoding=\"async\" class=\"wp-image-1087 size-thumbnail\" src=\"http:\/\/bibliotecadeverin.es\/wp-content\/uploads\/2015\/03\/DSC08555-150x150.jpg\" alt=\"DSC08555\" width=\"150\" height=\"150\" \/><\/a><p class=\"wp-caption-text\">Voluntarias nunha sesi\u00f3n de contacontos na sala infantil<\/p><\/div>\n<p style=\"text-align: justify;\">En principio calquer rapaz\/za que te\u00f1a ganas de aportar o seu tempo nas actividades da biblioteca e que conte coa autorizaci\u00f3n dos seus pais\/titores. Normalmente o persoal da biblioteca sempre dar\u00e1 prioridade a aqueles\/as chicos\/as que acudan regularmente \u00e1s nosas instalaci\u00f3ns ou que eran socios\/as e vi\u00f1an os contacontos e manualidades. Tr\u00e1tase de que compartan traballo, responsabilidades, traballo en grupo, etc&#8230;<\/p>\n<p style=\"text-align: justify;\">\u00a0<\/p>\n<p style=\"text-align: justify;\"><strong>Podr\u00edamos resumir o Voluntariado Cultural como nenos\/as que lle len a outros\/as nenos\/as, pero vai moito m\u00e1is al\u00e1: colaboran no dise\u00f1o das manualidades que acompa\u00f1an aos contacontos (todo o ano lectivo), traballan na Bibliopiscina e na Biblio-R\u00faa no ver\u00e1n, seleccionan contos, eval\u00faan os resultados, etc\u2026.<\/strong><\/p>\n<p style=\"text-align: justify;\">\u00a0<\/p>\n<ul style=\"text-align: justify;\">\n<li><strong>Evoluci\u00f3n do voluntariado cultural nos anos posteriores o seu nacemento.<\/strong><\/li>\n<\/ul>\n<p style=\"text-align: justify;\">Trala posta en marcha no ano 2009 da Bibliopisicina os\/as Voluntarios\/as mostraron gran inter\u00e9s en seguir participando nas actividades da instalaci\u00f3n. Deste xeito iniciouse un novo capitulo no que ao paso dos anos ser\u00eda o proxecto estrela da nosa biblioteca, a colaboraci\u00f3n, destes rapaces\/zas na realizaci\u00f3n de contacontos, manualidades e demais actividades da biblioteca, pero con toma de decisi\u00f3ns e posterior evaluaci\u00f3ns de resultados nas distintas convivenzas que temos ao cabo do ano.<\/p>\n<p style=\"text-align: justify;\">O proxecto de Voluntariado Cultural, nacido un pouco a casualidade, at\u00f3pase completamente asentado, con renovaci\u00f3n dos\/as Voluntarios\/as iniciais e funcionando ao cen por cen. O crer no proxecto, pero sobre todo crer neles\/as fixo que estamos constantemente ga\u00f1ando adeptos\/as, e esas ga\u00f1as por facer cousas cont\u00e1xiounos e imp\u00falsanos a seguir promovento iniciativas cada vez m\u00e1is ambiciosas.<\/p>\n<div id=\"attachment_695\" class=\"wp-caption alignleft\" style=\"width: 150px\"><a href=\"http:\/\/bibliotecadeverin.es\/wp-content\/uploads\/2015\/03\/datoscuantitativos2009-2014.jpg\" target=\"_blank\"><img loading=\"lazy\" decoding=\"async\" class=\"wp-image-695 size-thumbnail\" src=\"http:\/\/bibliotecadeverin.es\/wp-content\/uploads\/2015\/03\/datoscuantitativos2009-2014-150x150.jpg\" alt=\"datoscuantitativos2009-2014\" width=\"150\" height=\"150\" \/><\/a><p class=\"wp-caption-text\">Fai clic para ver ampliado os datos cuantitativos 2009-2014<\/p><\/div>\n<p style=\"text-align: justify;\">Nos \u00faltimos anos: 2009-2015, realizou cada ano m\u00e1is de 40 actividades de Fomento \u00e1 Lectura, cunha asistencia media de 25 a 30 nenos\/as, de unha duraci\u00f3n de 1:30 horas, sen que estivesen os pais\/nais dos\/as asistentes. Tendo en conta que a plantilla da Biblioteca de Ver\u00edn \u00e9 de d\u00faas persoas ent\u00e9ndese sen problemas a importancia do Voluntariado Cultural.<\/p>\n<p style=\"text-align: justify;\">\u00a0<\/p>\n<p><div id=\"attachment_1159\" class=\"wp-caption alignleft\" style=\"width: 150px\"><a href=\"http:\/\/bibliotecadeverin.es\/wp-content\/uploads\/2015\/03\/DSC07240.jpg\" target=\"_blank\"><img loading=\"lazy\" decoding=\"async\" class=\"wp-image-1159 size-thumbnail\" src=\"http:\/\/bibliotecadeverin.es\/wp-content\/uploads\/2015\/03\/DSC07240-150x150.jpg\" alt=\"DSC07240\" width=\"150\" height=\"150\" \/><\/a><p class=\"wp-caption-text\">Presentaci\u00f3n da Bibliopiscina 2014<\/p><\/div> <div id=\"attachment_1158\" class=\"wp-caption alignleft\" style=\"width: 150px\"><a href=\"http:\/\/bibliotecadeverin.es\/wp-content\/uploads\/2015\/03\/DSC03780.jpg\" target=\"_blank\"><img loading=\"lazy\" decoding=\"async\" class=\"wp-image-1158 size-thumbnail\" src=\"http:\/\/bibliotecadeverin.es\/wp-content\/uploads\/2015\/03\/DSC03780-150x150.jpg\" alt=\"DSC03780\" width=\"150\" height=\"150\" \/><\/a><p class=\"wp-caption-text\">Convivenza de Nadal 2014<\/p><\/div> <div id=\"attachment_1160\" class=\"wp-caption alignleft\" style=\"width: 150px\"><a href=\"http:\/\/bibliotecadeverin.es\/wp-content\/uploads\/2015\/03\/image3.jpg\" target=\"_blank\"><img loading=\"lazy\" decoding=\"async\" class=\"wp-image-1160 size-thumbnail\" src=\"http:\/\/bibliotecadeverin.es\/wp-content\/uploads\/2015\/03\/image3-150x150.jpg\" alt=\"image3\" width=\"150\" height=\"150\" \/><\/a><p class=\"wp-caption-text\">Bibliopiscina 2014<\/p><\/div> <div id=\"attachment_1161\" class=\"wp-caption alignleft\" style=\"width: 150px\"><a href=\"http:\/\/bibliotecadeverin.es\/wp-content\/uploads\/2015\/03\/image4.jpg\" target=\"_blank\"><img loading=\"lazy\" decoding=\"async\" class=\"wp-image-1161 size-thumbnail\" src=\"http:\/\/bibliotecadeverin.es\/wp-content\/uploads\/2015\/03\/image4-150x150.jpg\" alt=\"image4\" width=\"150\" height=\"150\" \/><\/a><p class=\"wp-caption-text\">Convivenza ver\u00e1n 2014<\/p><\/div> <div id=\"attachment_1162\" class=\"wp-caption alignleft\" style=\"width: 150px\"><a href=\"http:\/\/bibliotecadeverin.es\/wp-content\/uploads\/2015\/03\/IMG_2357.jpg\" target=\"_blank\"><img loading=\"lazy\" decoding=\"async\" class=\"wp-image-1162 size-thumbnail\" src=\"http:\/\/bibliotecadeverin.es\/wp-content\/uploads\/2015\/03\/IMG_2357-150x150.jpg\" alt=\"IMG_2357\" width=\"150\" height=\"150\" \/><\/a><p class=\"wp-caption-text\">Bibliopiscina 2014<\/p><\/div> <div id=\"attachment_1164\" class=\"wp-caption alignleft\" style=\"width: 150px\"><a href=\"http:\/\/bibliotecadeverin.es\/wp-content\/uploads\/2015\/03\/IMG_2260b.jpg\" target=\"_blank\"><img loading=\"lazy\" decoding=\"async\" class=\"wp-image-1164 size-thumbnail\" src=\"http:\/\/bibliotecadeverin.es\/wp-content\/uploads\/2015\/03\/IMG_2260b-150x150.jpg\" alt=\"IMG_2260b\" width=\"150\" height=\"150\" \/><\/a><p class=\"wp-caption-text\">Biblio-R\u00faa 2014<\/p><\/div> <div id=\"attachment_1165\" class=\"wp-caption alignleft\" style=\"width: 150px\"><a href=\"http:\/\/bibliotecadeverin.es\/wp-content\/uploads\/2015\/03\/IMG_2262.jpg\" target=\"_blank\"><img loading=\"lazy\" decoding=\"async\" class=\"wp-image-1165 size-thumbnail\" src=\"http:\/\/bibliotecadeverin.es\/wp-content\/uploads\/2015\/03\/IMG_2262-150x150.jpg\" alt=\"IMG_2262\" width=\"150\" height=\"150\" \/><\/a><p class=\"wp-caption-text\">Bibliopiscina 2014<\/p><\/div> <div id=\"attachment_1166\" class=\"wp-caption alignleft\" style=\"width: 150px\"><a href=\"http:\/\/bibliotecadeverin.es\/wp-content\/uploads\/2015\/03\/IMG_2336.jpg\" target=\"_blank\"><img loading=\"lazy\" decoding=\"async\" class=\"wp-image-1166 size-thumbnail\" src=\"http:\/\/bibliotecadeverin.es\/wp-content\/uploads\/2015\/03\/IMG_2336-150x150.jpg\" alt=\"IMG_2336\" width=\"150\" height=\"150\" \/><\/a><p class=\"wp-caption-text\">Bibliopiscina 2014<\/p><\/div> <div id=\"attachment_1167\" class=\"wp-caption alignleft\" style=\"width: 150px\"><a href=\"http:\/\/bibliotecadeverin.es\/wp-content\/uploads\/2015\/03\/IMG_2401.jpg\" target=\"_blank\"><img loading=\"lazy\" decoding=\"async\" class=\"wp-image-1167 \" src=\"http:\/\/bibliotecadeverin.es\/wp-content\/uploads\/2015\/03\/IMG_2401-150x150.jpg\" alt=\"IMG_2401\" width=\"150\" height=\"150\" \/><\/a><p class=\"wp-caption-text\">Bibliopiscina 2014<\/p><\/div><\/p>\n<p style=\"text-align: justify;\">\u00a0<\/p>\n","protected":false},"excerpt":{"rendered":"<p>(PDF Castel\u00e1n 480kb) \u00a0Voluntariado Cultural para a animaci\u00f3n \u00e1 Lectura (2009 &#8211; 2015) &nbsp; \u00a0 \u00a0 Definici\u00f3n do Proxecto: Orixe do Voluntariado Cultural A&#8230; &nbsp; <a href=\"https:\/\/www.bibliotecadeverin.es\/?page_id=510\" class=\"moretag\">Ler m\u00e1is<\/a><\/p>\n","protected":false},"author":1,"featured_media":0,"parent":0,"menu_order":0,"comment_status":"closed","ping_status":"closed","template":"","meta":{"footnotes":""},"class_list":["post-510","page","type-page","status-publish","hentry"],"_links":{"self":[{"href":"https:\/\/www.bibliotecadeverin.es\/index.php?rest_route=\/wp\/v2\/pages\/510","targetHints":{"allow":["GET"]}}],"collection":[{"href":"https:\/\/www.bibliotecadeverin.es\/index.php?rest_route=\/wp\/v2\/pages"}],"about":[{"href":"https:\/\/www.bibliotecadeverin.es\/index.php?rest_route=\/wp\/v2\/types\/page"}],"author":[{"embeddable":true,"href":"https:\/\/www.bibliotecadeverin.es\/index.php?rest_route=\/wp\/v2\/users\/1"}],"replies":[{"embeddable":true,"href":"https:\/\/www.bibliotecadeverin.es\/index.php?rest_route=%2Fwp%2Fv2%2Fcomments&post=510"}],"version-history":[{"count":5,"href":"https:\/\/www.bibliotecadeverin.es\/index.php?rest_route=\/wp\/v2\/pages\/510\/revisions"}],"predecessor-version":[{"id":1322,"href":"https:\/\/www.bibliotecadeverin.es\/index.php?rest_route=\/wp\/v2\/pages\/510\/revisions\/1322"}],"wp:attachment":[{"href":"https:\/\/www.bibliotecadeverin.es\/index.php?rest_route=%2Fwp%2Fv2%2Fmedia&parent=510"}],"curies":[{"name":"wp","href":"https:\/\/api.w.org\/{rel}","templated":true}]}}