{"id":412,"date":"2015-02-27T17:32:24","date_gmt":"2015-02-27T17:32:24","guid":{"rendered":"http:\/\/www.bibliotecadeverin.es\/?page_id=412"},"modified":"2024-06-10T13:23:14","modified_gmt":"2024-06-10T11:23:14","slug":"historia-del-edificio","status":"publish","type":"page","link":"https:\/\/www.bibliotecadeverin.es\/?page_id=412","title":{"rendered":"Aquel colexio San Jos\u00e9&#8230;"},"content":{"rendered":"<p style=\"text-align: justify;\"><a href=\"http:\/\/bibliotecadeverin.es\/wp-content\/uploads\/2015\/02\/fachada5.jpg\" target=\"_blank\" rel=\"noopener\"><img loading=\"lazy\" decoding=\"async\" class=\"alignleft wp-image-643 size-medium\" src=\"http:\/\/bibliotecadeverin.es\/wp-content\/uploads\/2015\/02\/fachada5-300x164.jpg\" alt=\"fachada5\" width=\"300\" height=\"164\" srcset=\"https:\/\/www.bibliotecadeverin.es\/wp-content\/uploads\/2015\/02\/fachada5-300x164.jpg 300w, https:\/\/www.bibliotecadeverin.es\/wp-content\/uploads\/2015\/02\/fachada5.jpg 850w\" sizes=\"auto, (max-width: 300px) 100vw, 300px\" \/><\/a>A nosa biblioteca, antes de convertirse coma tal, foi o Colexio San Jose (EE. CC. de la Salle) dende 1895 ata o 1967. <a href=\"http:\/\/bibliotecadeverin.es\/?page_id=715&amp;preview=true\">D. Jos\u00e9 Garc\u00eda Barb\u00f3n<\/a> (fil\u00e1ntropo por excelencia da vila), sufragando do seu propio capital moitas obras e servizos de Ver\u00edn, entre elas o colexio La Salle.<\/p>\n<div id=\"attachment_650\" class=\"wp-caption alignright\" style=\"width: 150px\"><a href=\"http:\/\/bibliotecadeverin.es\/wp-content\/uploads\/2015\/02\/LIBRO2.jpg\"><img loading=\"lazy\" decoding=\"async\" class=\"  wp-image-650 size-thumbnail\" src=\"http:\/\/bibliotecadeverin.es\/wp-content\/uploads\/2015\/02\/LIBRO2-150x150.jpg\" alt=\"LIBRO2\" width=\"150\" height=\"150\" \/><\/a><p class=\"wp-caption-text\">\u00abD. Jos\u00e9 Garc\u00eda Barb\u00f3n e o Colexio La Salle de Ver\u00edn no centenario da s\u00faa fundaci\u00f3n (1895-1995)\u00bb do autor Xerardo Dasairas Valsa.<\/p><\/div>\n<p style=\"text-align: justify;\">Na obra \u00abD. Jos\u00e9 Garc\u00eda Barb\u00f3n e o Colexio La Salle de Ver\u00edn no centenario da s\u00faa fundaci\u00f3n (1895-1995)\u00bb do autor Xerardo Dasairas Valsa, edici\u00f3n Deputaci\u00f3n de Ourense, atopamos un verdadeiro tesouro de documentaci\u00f3n, que fai un percorrido dende a vida de D. Jos\u00e9 Garc\u00eda Barb\u00f3n ata a fundaci\u00f3n e posterior desaparici\u00f3n do Colexio La Salle.<\/p>\n<p>&nbsp;<\/p>\n<p>&nbsp;<\/p>\n<p>&nbsp;<\/p>\n<hr \/>\n<div id=\"attachment_649\" class=\"wp-caption alignleft\" style=\"width: 150px\"><a href=\"http:\/\/bibliotecadeverin.es\/wp-content\/uploads\/2015\/02\/hnoslasalle.jpg\" target=\"_blank\" rel=\"noopener\"><img loading=\"lazy\" decoding=\"async\" class=\"wp-image-649 size-thumbnail\" src=\"http:\/\/bibliotecadeverin.es\/wp-content\/uploads\/2015\/02\/hnoslasalle-150x150.jpg\" alt=\"Irm\u00e1ns La Salle de Ver\u00edn, 1929\" width=\"150\" height=\"150\" \/><\/a><p class=\"wp-caption-text\">Irm\u00e1ns La Salle de Ver\u00edn, 1929<\/p><\/div>\n<div id=\"attachment_645\" class=\"wp-caption alignleft\" style=\"width: 150px\"><a href=\"http:\/\/bibliotecadeverin.es\/wp-content\/uploads\/2015\/02\/colexiolasalleverin.jpg\" target=\"_blank\" rel=\"noopener\"><img loading=\"lazy\" decoding=\"async\" class=\"wp-image-645 size-thumbnail\" src=\"http:\/\/bibliotecadeverin.es\/wp-content\/uploads\/2015\/02\/colexiolasalleverin-150x150.jpg\" alt=\"\" width=\"150\" height=\"150\" \/><\/a><p class=\"wp-caption-text\">Colexio Irm\u00e1ns La Salle de Ver\u00edn<\/p><\/div>\n<p>Agradecemento ao Irm\u00e1n Carlos Cantalapiedra actual arquiveiro do retiro de Bujedo e o Irm\u00e1n Martinez, por deixarnos acceder a todo o seu arquivo.<\/p>\n<p>&nbsp;<\/p>\n<p>&nbsp;<\/p>\n<p>&nbsp;<\/p>\n<div id=\"attachment_655\" class=\"wp-caption alignleft\" style=\"width: 150px\"><a href=\"http:\/\/bibliotecadeverin.es\/wp-content\/uploads\/2015\/02\/colexiolasalleverin50.jpg\" target=\"_blank\" rel=\"noopener\"><img loading=\"lazy\" decoding=\"async\" class=\"wp-image-655 size-thumbnail\" src=\"http:\/\/bibliotecadeverin.es\/wp-content\/uploads\/2015\/02\/colexiolasalleverin50-150x150.jpg\" alt=\"Colexio Irm\u00e1ns La Salle de Ver\u00edn\" width=\"150\" height=\"150\" \/><\/a><p class=\"wp-caption-text\">Colexio Irm\u00e1ns La Salle de Ver\u00edn<\/p><\/div>\n<div id=\"attachment_656\" class=\"wp-caption alignleft\" style=\"width: 150px\"><a href=\"http:\/\/bibliotecadeverin.es\/wp-content\/uploads\/2015\/02\/irmanslasalle.jpg\" target=\"_blank\" rel=\"noopener\"><img loading=\"lazy\" decoding=\"async\" class=\"wp-image-656 size-thumbnail\" src=\"http:\/\/bibliotecadeverin.es\/wp-content\/uploads\/2015\/02\/irmanslasalle-150x150.jpg\" alt=\"Colexio Irm\u00e1ns La Salle de Ver\u00edn\" width=\"150\" height=\"150\" \/><\/a><p class=\"wp-caption-text\">Colexio Irm\u00e1ns La Salle de Ver\u00edn<\/p><\/div>\n<div id=\"attachment_647\" class=\"wp-caption alignleft\" style=\"width: 150px\"><a href=\"http:\/\/bibliotecadeverin.es\/wp-content\/uploads\/2015\/02\/aquelcolegiosanjose.jpg\" target=\"_blank\" rel=\"noopener\"><img loading=\"lazy\" decoding=\"async\" class=\"wp-image-647 size-thumbnail\" src=\"http:\/\/bibliotecadeverin.es\/wp-content\/uploads\/2015\/02\/aquelcolegiosanjose-150x150.jpg\" alt=\"aquelcolegiosanjose\" width=\"150\" height=\"150\" \/><\/a><p class=\"wp-caption-text\">\u00abEl Ver\u00edn de mis recuerdos\u00bb, artigo do xornal La Regi\u00f3n(06\/12\/1993), de D. Jos\u00e9 \u00c1lvarez L\u00edmia<\/p><\/div>\n<div id=\"attachment_648\" class=\"wp-caption alignleft\" style=\"width: 150px\"><a href=\"http:\/\/bibliotecadeverin.es\/wp-content\/uploads\/2015\/02\/colexiolasalleverin19.jpg\" target=\"_blank\" rel=\"noopener\"><img loading=\"lazy\" decoding=\"async\" class=\"wp-image-648 size-thumbnail\" src=\"http:\/\/bibliotecadeverin.es\/wp-content\/uploads\/2015\/02\/colexiolasalleverin19-150x150.jpg\" alt=\"colexiolasalleverin19??\" width=\"150\" height=\"150\" \/><\/a><p class=\"wp-caption-text\">Promoci\u00f3n anos 50<\/p><\/div>\n","protected":false},"excerpt":{"rendered":"<p>A nosa biblioteca, antes de convertirse coma tal, foi o Colexio San Jose (EE. CC. de la Salle) dende 1895 ata o 1967. D&#8230;. &nbsp; <a href=\"https:\/\/www.bibliotecadeverin.es\/?page_id=412\" class=\"moretag\">Ler m\u00e1is<\/a><\/p>\n","protected":false},"author":4,"featured_media":0,"parent":0,"menu_order":0,"comment_status":"closed","ping_status":"closed","template":"","meta":{"footnotes":""},"class_list":["post-412","page","type-page","status-publish","hentry"],"_links":{"self":[{"href":"https:\/\/www.bibliotecadeverin.es\/index.php?rest_route=\/wp\/v2\/pages\/412","targetHints":{"allow":["GET"]}}],"collection":[{"href":"https:\/\/www.bibliotecadeverin.es\/index.php?rest_route=\/wp\/v2\/pages"}],"about":[{"href":"https:\/\/www.bibliotecadeverin.es\/index.php?rest_route=\/wp\/v2\/types\/page"}],"author":[{"embeddable":true,"href":"https:\/\/www.bibliotecadeverin.es\/index.php?rest_route=\/wp\/v2\/users\/4"}],"replies":[{"embeddable":true,"href":"https:\/\/www.bibliotecadeverin.es\/index.php?rest_route=%2Fwp%2Fv2%2Fcomments&post=412"}],"version-history":[{"count":5,"href":"https:\/\/www.bibliotecadeverin.es\/index.php?rest_route=\/wp\/v2\/pages\/412\/revisions"}],"predecessor-version":[{"id":2478,"href":"https:\/\/www.bibliotecadeverin.es\/index.php?rest_route=\/wp\/v2\/pages\/412\/revisions\/2478"}],"wp:attachment":[{"href":"https:\/\/www.bibliotecadeverin.es\/index.php?rest_route=%2Fwp%2Fv2%2Fmedia&parent=412"}],"curies":[{"name":"wp","href":"https:\/\/api.w.org\/{rel}","templated":true}]}}