{"id":410,"date":"2015-02-27T17:31:57","date_gmt":"2015-02-27T17:31:57","guid":{"rendered":"http:\/\/www.bibliotecadeverin.es\/?page_id=410"},"modified":"2016-04-06T16:27:05","modified_gmt":"2016-04-06T16:27:05","slug":"descripcion-de-la-biblioteca","status":"publish","type":"page","link":"https:\/\/www.bibliotecadeverin.es\/?page_id=410","title":{"rendered":"Descrici\u00f3n da B.P.M. do Concello de Ver\u00edn"},"content":{"rendered":"<p><a href=\"http:\/\/bibliotecadeverin.es\/wp-content\/uploads\/2015\/02\/pano020bbb.jpg\" target=\"_blank\"><img loading=\"lazy\" decoding=\"async\" class=\"alignleft wp-image-639 size-medium\" src=\"http:\/\/bibliotecadeverin.es\/wp-content\/uploads\/2015\/02\/pano020bbb-300x130.jpg\" alt=\"pano020bbb\" width=\"300\" height=\"130\" srcset=\"https:\/\/www.bibliotecadeverin.es\/wp-content\/uploads\/2015\/02\/pano020bbb-300x130.jpg 300w, https:\/\/www.bibliotecadeverin.es\/wp-content\/uploads\/2015\/02\/pano020bbb-1024x443.jpg 1024w, https:\/\/www.bibliotecadeverin.es\/wp-content\/uploads\/2015\/02\/pano020bbb-1140x499.jpg 1140w, https:\/\/www.bibliotecadeverin.es\/wp-content\/uploads\/2015\/02\/pano020bbb.jpg 1153w\" sizes=\"auto, (max-width: 300px) 100vw, 300px\" \/><\/a>A Biblioteca P\u00fablica Municipal do Concello de Ver\u00edn at\u00f3pase ubicada no centro da vila, no antigo colexio Irmans La Salle. \u00c9 un edificio que non deixa indiferente a ningu\u00e9n e hoxe \u00e9 un centro cultural con vida propia, onde acuden a diario xoves, nenos\/as e persoas maiores a estudar, ler ou navegar por internet.<\/p>\n<p style=\"text-align: justify;\">A Biblioteca est\u00e1 distribuida en d\u00faas plantas e diferentes salas; na planta inferior est\u00e1 adicada aos temas multimedia, e contamos con d\u00faas salas de ordenadores con conexi\u00f3n a Internet, completamente gratuito.<\/p>\n<div id=\"attachment_699\" class=\"wp-caption alignleft\" style=\"width: 300px\"><a href=\"http:\/\/bibliotecadeverin.es\/wp-content\/uploads\/2015\/02\/DSC02701.jpg\" target=\"_blank\"><img loading=\"lazy\" decoding=\"async\" class=\"wp-image-699 size-medium\" src=\"http:\/\/bibliotecadeverin.es\/wp-content\/uploads\/2015\/02\/DSC02701-300x106.jpg\" alt=\"DSC02701\" width=\"300\" height=\"106\" srcset=\"https:\/\/www.bibliotecadeverin.es\/wp-content\/uploads\/2015\/02\/DSC02701-300x106.jpg 300w, https:\/\/www.bibliotecadeverin.es\/wp-content\/uploads\/2015\/02\/DSC02701.jpg 800w\" sizes=\"auto, (max-width: 300px) 100vw, 300px\" \/><\/a><p class=\"wp-caption-text\">Sala de ordenadores na planta baixa da biblioteca.<\/p><\/div>\n<p style=\"text-align: justify;\">A primeira das salas de ordenadores est\u00e1 pensada para o libre acceso dos\/as socios\/as a Internet, sendo necesario solicitar autorizaci\u00f3n para o seu uso, (usario e contrasinal que cambian diariamente para cada socio\/a)<\/p>\n<p style=\"text-align: justify;\">\u00a0<\/p>\n<p style=\"text-align: justify;\">\u00a0<\/p>\n<div id=\"attachment_707\" class=\"wp-caption alignleft\" style=\"width: 300px\"><a href=\"http:\/\/bibliotecadeverin.es\/wp-content\/uploads\/2015\/02\/salaordenadores-cursos.jpg\" target=\"_blank\"><img loading=\"lazy\" decoding=\"async\" class=\"wp-image-707 size-medium\" src=\"http:\/\/bibliotecadeverin.es\/wp-content\/uploads\/2015\/02\/salaordenadores-cursos-300x132.jpg\" alt=\"salaordenadores-cursos\" width=\"300\" height=\"132\" srcset=\"https:\/\/www.bibliotecadeverin.es\/wp-content\/uploads\/2015\/02\/salaordenadores-cursos-300x132.jpg 300w, https:\/\/www.bibliotecadeverin.es\/wp-content\/uploads\/2015\/02\/salaordenadores-cursos-1024x449.jpg 1024w, https:\/\/www.bibliotecadeverin.es\/wp-content\/uploads\/2015\/02\/salaordenadores-cursos.jpg 1140w\" sizes=\"auto, (max-width: 300px) 100vw, 300px\" \/><\/a><p class=\"wp-caption-text\">Sala de Ordenadores (cursos ou traballos en grupos)<\/p><\/div>\n<p style=\"text-align: justify;\">A segunda sala de ordenadores ten coma destino a impartici\u00f3n de cursos (asociaci\u00f3ns ou colectivos que a soliciten) ou para a realizaci\u00f3n de traballos polos\/as rapaces\/zas que acuden a diario \u00e1 biblioteca.Toda a Biblioteca \u00e9 unha zoa wifi , onde acuden os\/as usuarios\/as, cos seus port\u00e1tiles e con\u00e9ctanse a Internet, incluso dende os bancos situados no exterior da Biblioteca, cando o tempo acompa\u00f1a.<\/p>\n<div id=\"attachment_546\" class=\"wp-caption alignleft\" style=\"width: 300px\"><a href=\"http:\/\/bibliotecadeverin.es\/wp-content\/uploads\/2015\/03\/DSC08041.jpg\" target=\"_blank\"><img loading=\"lazy\" decoding=\"async\" class=\"wp-image-546 size-medium\" src=\"http:\/\/bibliotecadeverin.es\/wp-content\/uploads\/2015\/03\/DSC08041-300x132.jpg\" alt=\"DSC08041\" width=\"300\" height=\"132\" srcset=\"https:\/\/www.bibliotecadeverin.es\/wp-content\/uploads\/2015\/03\/DSC08041-300x132.jpg 300w, https:\/\/www.bibliotecadeverin.es\/wp-content\/uploads\/2015\/03\/DSC08041-1024x449.jpg 1024w, https:\/\/www.bibliotecadeverin.es\/wp-content\/uploads\/2015\/03\/DSC08041.jpg 1140w\" sizes=\"auto, (max-width: 300px) 100vw, 300px\" \/><\/a><p class=\"wp-caption-text\">sala de estudo<\/p><\/div>\n<p style=\"text-align: justify;\">A parte superior da Biblioteca \u00e9 a zona m\u00e1is tradicional, onde temos diferentes salas de estudo, lectura e sala infantil, sala de prensa e a sala de reuni\u00f3ns, traballos en grupos ou a sala do club de lectura.<\/p>\n<p style=\"text-align: justify;\">\u00a0<\/p>\n<p style=\"text-align: justify;\">\u00a0<\/p>\n<div id=\"attachment_988\" class=\"wp-caption alignleft\" style=\"width: 300px\"><a href=\"http:\/\/bibliotecadeverin.es\/wp-content\/uploads\/2015\/02\/saladeestudo03.jpg\" target=\"_blank\"><img loading=\"lazy\" decoding=\"async\" class=\"wp-image-988 size-medium\" src=\"http:\/\/bibliotecadeverin.es\/wp-content\/uploads\/2015\/02\/saladeestudo03-300x132.jpg\" alt=\"saladeestudo03\" width=\"300\" height=\"132\" srcset=\"https:\/\/www.bibliotecadeverin.es\/wp-content\/uploads\/2015\/02\/saladeestudo03-300x132.jpg 300w, https:\/\/www.bibliotecadeverin.es\/wp-content\/uploads\/2015\/02\/saladeestudo03-1024x449.jpg 1024w, https:\/\/www.bibliotecadeverin.es\/wp-content\/uploads\/2015\/02\/saladeestudo03.jpg 1140w\" sizes=\"auto, (max-width: 300px) 100vw, 300px\" \/><\/a><p class=\"wp-caption-text\">Sala de estudo<\/p><\/div>\n<p style=\"text-align: justify;\">Contamos cunha sala de estudo con capacidade para 35 ususarios\/as, e varias salas de consulta-estudo con capacidade para uns 40 ou 50 usuarios\/as.<\/p>\n<p style=\"text-align: justify;\">\u00a0<\/p>\n<p style=\"text-align: justify;\">\u00a0<\/p>\n<div id=\"attachment_705\" class=\"wp-caption alignleft\" style=\"width: 300px\"><a href=\"http:\/\/bibliotecadeverin.es\/wp-content\/uploads\/2015\/02\/saladeprensa.jpg\" target=\"_blank\"><img loading=\"lazy\" decoding=\"async\" class=\"wp-image-705 size-medium\" src=\"http:\/\/bibliotecadeverin.es\/wp-content\/uploads\/2015\/02\/saladeprensa-300x132.jpg\" alt=\"saladeprensa\" width=\"300\" height=\"132\" srcset=\"https:\/\/www.bibliotecadeverin.es\/wp-content\/uploads\/2015\/02\/saladeprensa-300x132.jpg 300w, https:\/\/www.bibliotecadeverin.es\/wp-content\/uploads\/2015\/02\/saladeprensa-1024x449.jpg 1024w, https:\/\/www.bibliotecadeverin.es\/wp-content\/uploads\/2015\/02\/saladeprensa.jpg 1140w\" sizes=\"auto, (max-width: 300px) 100vw, 300px\" \/><\/a><p class=\"wp-caption-text\">Sala de prensa<\/p><\/div>\n<p style=\"text-align: justify;\">Diariamente acuden multitud de usuarios\/as a ler a prensa, este \u00e9 outro dos servizos que oferta a biblioteca de xeito gratuito.<\/p>\n<p style=\"text-align: justify;\">\u00a0<\/p>\n<p style=\"text-align: justify;\">\u00a0<\/p>\n<p style=\"text-align: justify;\">\u00a0<\/p>\n<div id=\"attachment_702\" class=\"wp-caption alignleft\" style=\"width: 300px\"><a href=\"http:\/\/bibliotecadeverin.es\/wp-content\/uploads\/2015\/02\/contacontos23abril2014.jpg\" target=\"_blank\"><img loading=\"lazy\" decoding=\"async\" class=\"wp-image-702 size-medium\" src=\"http:\/\/bibliotecadeverin.es\/wp-content\/uploads\/2015\/02\/contacontos23abril2014-300x132.jpg\" alt=\"contacontos23abril2014\" width=\"300\" height=\"132\" srcset=\"https:\/\/www.bibliotecadeverin.es\/wp-content\/uploads\/2015\/02\/contacontos23abril2014-300x132.jpg 300w, https:\/\/www.bibliotecadeverin.es\/wp-content\/uploads\/2015\/02\/contacontos23abril2014-1024x449.jpg 1024w, https:\/\/www.bibliotecadeverin.es\/wp-content\/uploads\/2015\/02\/contacontos23abril2014.jpg 1140w\" sizes=\"auto, (max-width: 300px) 100vw, 300px\" \/><\/a><p class=\"wp-caption-text\">Contacontos: 23 abril 2014<\/p><\/div>\n<p style=\"text-align: justify;\">A sala infantil cumple varias funci\u00f3ns, sendo o lugar onde a diario ve\u00f1en os\/as m\u00e1is cativos\/as a facer os deberes ou a buscar libros para levar en pr\u00e9stamo, as\u00ed coma o lugar onde realizamos os contacontos e manualidades.<\/p>\n<p style=\"text-align: justify;\">\u00a0<\/p>\n<p style=\"text-align: justify;\">\u00a0<\/p>\n<div id=\"attachment_706\" class=\"wp-caption alignleft\" style=\"width: 300px\"><a href=\"http:\/\/bibliotecadeverin.es\/wp-content\/uploads\/2015\/02\/salainfantil.jpg\" target=\"_blank\"><img loading=\"lazy\" decoding=\"async\" class=\"wp-image-706 size-medium\" src=\"http:\/\/bibliotecadeverin.es\/wp-content\/uploads\/2015\/02\/salainfantil-300x132.jpg\" alt=\"salainfantil\" width=\"300\" height=\"132\" srcset=\"https:\/\/www.bibliotecadeverin.es\/wp-content\/uploads\/2015\/02\/salainfantil-300x132.jpg 300w, https:\/\/www.bibliotecadeverin.es\/wp-content\/uploads\/2015\/02\/salainfantil-1024x449.jpg 1024w, https:\/\/www.bibliotecadeverin.es\/wp-content\/uploads\/2015\/02\/salainfantil.jpg 1140w\" sizes=\"auto, (max-width: 300px) 100vw, 300px\" \/><\/a><p class=\"wp-caption-text\">Imaxe da sala infantil, cunha rapaza facendo os deberes.<\/p><\/div>\n<p style=\"text-align: justify;\">O Cat\u00e1logo da Biblioteca est\u00e1 clasificado en base \u00e1 CDU (clasificaci\u00f3n decimal universal), salvo a novela, teatro e poes\u00eda).<\/p>\n<p style=\"text-align: justify;\">\u00a0<\/p>\n<p style=\"text-align: justify;\">\u00a0<\/p>\n<p style=\"text-align: justify;\">\u00a0<\/p>\n<div id=\"attachment_704\" class=\"wp-caption alignleft\" style=\"width: 300px\"><a href=\"http:\/\/bibliotecadeverin.es\/wp-content\/uploads\/2015\/02\/bebeteca.jpg\" target=\"_blank\"><img loading=\"lazy\" decoding=\"async\" class=\"wp-image-704 size-medium\" src=\"http:\/\/bibliotecadeverin.es\/wp-content\/uploads\/2015\/02\/bebeteca-300x132.jpg\" alt=\"bebeteca\" width=\"300\" height=\"132\" srcset=\"https:\/\/www.bibliotecadeverin.es\/wp-content\/uploads\/2015\/02\/bebeteca-300x132.jpg 300w, https:\/\/www.bibliotecadeverin.es\/wp-content\/uploads\/2015\/02\/bebeteca-1024x449.jpg 1024w, https:\/\/www.bibliotecadeverin.es\/wp-content\/uploads\/2015\/02\/bebeteca.jpg 1140w\" sizes=\"auto, (max-width: 300px) 100vw, 300px\" \/><\/a><p class=\"wp-caption-text\">Secci\u00f3n bebeteca, situada na sala infantil<\/p><\/div>\n<p style=\"text-align: justify;\">Temos unha sala infantil con clasificaci\u00f3n CDU e tam\u00e9n por idades, de 0 a 3 anos (BEBETECA), de 4 a 12 e logo Xuvenil. \u00c9 nesta sala onde celebramos as actividades infant\u00eds, contacontos, manualidades, teatro, etc&#8230;<\/p>\n","protected":false},"excerpt":{"rendered":"<p>A Biblioteca P\u00fablica Municipal do Concello de Ver\u00edn at\u00f3pase ubicada no centro da vila, no antigo colexio Irmans La Salle. \u00c9 un edificio que&#8230; &nbsp; <a href=\"https:\/\/www.bibliotecadeverin.es\/?page_id=410\" class=\"moretag\">Ler m\u00e1is<\/a><\/p>\n","protected":false},"author":1,"featured_media":0,"parent":0,"menu_order":0,"comment_status":"closed","ping_status":"closed","template":"","meta":{"footnotes":""},"class_list":["post-410","page","type-page","status-publish","hentry"],"_links":{"self":[{"href":"https:\/\/www.bibliotecadeverin.es\/index.php?rest_route=\/wp\/v2\/pages\/410","targetHints":{"allow":["GET"]}}],"collection":[{"href":"https:\/\/www.bibliotecadeverin.es\/index.php?rest_route=\/wp\/v2\/pages"}],"about":[{"href":"https:\/\/www.bibliotecadeverin.es\/index.php?rest_route=\/wp\/v2\/types\/page"}],"author":[{"embeddable":true,"href":"https:\/\/www.bibliotecadeverin.es\/index.php?rest_route=\/wp\/v2\/users\/1"}],"replies":[{"embeddable":true,"href":"https:\/\/www.bibliotecadeverin.es\/index.php?rest_route=%2Fwp%2Fv2%2Fcomments&post=410"}],"version-history":[{"count":5,"href":"https:\/\/www.bibliotecadeverin.es\/index.php?rest_route=\/wp\/v2\/pages\/410\/revisions"}],"predecessor-version":[{"id":1543,"href":"https:\/\/www.bibliotecadeverin.es\/index.php?rest_route=\/wp\/v2\/pages\/410\/revisions\/1543"}],"wp:attachment":[{"href":"https:\/\/www.bibliotecadeverin.es\/index.php?rest_route=%2Fwp%2Fv2%2Fmedia&parent=410"}],"curies":[{"name":"wp","href":"https:\/\/api.w.org\/{rel}","templated":true}]}}