{"id":2204,"date":"2022-06-24T12:09:26","date_gmt":"2022-06-24T10:09:26","guid":{"rendered":"http:\/\/bibliotecadeverin.es\/?page_id=2204"},"modified":"2022-06-24T12:11:50","modified_gmt":"2022-06-24T10:11:50","slug":"d-eloy-luis-andre","status":"publish","type":"page","link":"https:\/\/www.bibliotecadeverin.es\/?page_id=2204","title":{"rendered":"D. Eloy Luis Andr\u00e9"},"content":{"rendered":"<p><strong><a href=\"https:\/\/cdn.knightlab.com\/libs\/timeline3\/latest\/embed\/index.html?source=1Y2a7cwD6ZTVFEjTbcg49GiOk_0mMkRzwUEfll_VpiKM&amp;font=OldStandard&amp;lang=gl&amp;initial_zoom=1&amp;height=900\">Acceso \u00e1 CronoBiograf\u00eda: https:\/\/bit.ly\/2xwztVX<\/a><\/strong><\/p>\n<p><span data-sheets-formula-bar-text-style=\"font-size:13px;color:#000000;font-weight:normal;text-decoration:none;font-family:'docs-Calibri';font-style:normal;text-decoration-skip-ink:none;\">Benvido \u00e1 cronobiograf\u00eda de D. Eloy Luis Andr\u00e9. Nesta li\u00f1a do tempo queremos facer un percorrido pola vida do insigne Dr. Andr\u00e9. Practicamente todo o contido deste Timeline procede do libro \u00abEloy Luis Andr\u00e9: Erudito Esquecido\u00bb, de Losada Garc\u00eda, Miguel \/ Prieto Tarr\u00edo, Aurora \/ Rodr\u00edguez Justo, Vicente. Ed. Biblioteca P\u00fablica do Concello de Ver\u00edn. Dep\u00f3sito Legal: OU 184\/2018. A presente Cronobiograf\u00eda pretende tan s\u00f3 dar unhas pinceladas sobre a figura do insigne profesor e doutor Eloy Luis Andr\u00e9, aportando ao final da mesma unha suficiente bibliograf\u00eda para ampliar o seu co\u00f1ecemento.<\/span><\/p>\n","protected":false},"excerpt":{"rendered":"<p>Acceso \u00e1 CronoBiograf\u00eda: https:\/\/bit.ly\/2xwztVX Benvido \u00e1 cronobiograf\u00eda de D. Eloy Luis Andr\u00e9. Nesta li\u00f1a do tempo queremos facer un percorrido pola vida do insigne&#8230; &nbsp; <a href=\"https:\/\/www.bibliotecadeverin.es\/?page_id=2204\" class=\"moretag\">Ler m\u00e1is<\/a><\/p>\n","protected":false},"author":7,"featured_media":0,"parent":0,"menu_order":0,"comment_status":"closed","ping_status":"closed","template":"","meta":{"footnotes":""},"class_list":["post-2204","page","type-page","status-publish","hentry"],"_links":{"self":[{"href":"https:\/\/www.bibliotecadeverin.es\/index.php?rest_route=\/wp\/v2\/pages\/2204","targetHints":{"allow":["GET"]}}],"collection":[{"href":"https:\/\/www.bibliotecadeverin.es\/index.php?rest_route=\/wp\/v2\/pages"}],"about":[{"href":"https:\/\/www.bibliotecadeverin.es\/index.php?rest_route=\/wp\/v2\/types\/page"}],"author":[{"embeddable":true,"href":"https:\/\/www.bibliotecadeverin.es\/index.php?rest_route=\/wp\/v2\/users\/7"}],"replies":[{"embeddable":true,"href":"https:\/\/www.bibliotecadeverin.es\/index.php?rest_route=%2Fwp%2Fv2%2Fcomments&post=2204"}],"version-history":[{"count":2,"href":"https:\/\/www.bibliotecadeverin.es\/index.php?rest_route=\/wp\/v2\/pages\/2204\/revisions"}],"predecessor-version":[{"id":2206,"href":"https:\/\/www.bibliotecadeverin.es\/index.php?rest_route=\/wp\/v2\/pages\/2204\/revisions\/2206"}],"wp:attachment":[{"href":"https:\/\/www.bibliotecadeverin.es\/index.php?rest_route=%2Fwp%2Fv2%2Fmedia&parent=2204"}],"curies":[{"name":"wp","href":"https:\/\/api.w.org\/{rel}","templated":true}]}}