{"id":2137,"date":"2018-11-21T11:05:22","date_gmt":"2018-11-21T10:05:22","guid":{"rendered":"http:\/\/www.bibliotecadeverin.es\/?page_id=2137"},"modified":"2018-11-23T20:06:16","modified_gmt":"2018-11-23T19:06:16","slug":"na-lembranza-de-d-xesus-taboada-chivite","status":"publish","type":"page","link":"https:\/\/www.bibliotecadeverin.es\/?page_id=2137","title":{"rendered":"Na Lembranza de D. Xes\u00fas Taboada Chivite"},"content":{"rendered":"<p><a href=\"http:\/\/bibliotecadeverin.es\/wp-content\/uploads\/2018\/11\/cartaz.jpg\"><img loading=\"lazy\" decoding=\"async\" class=\"size-medium wp-image-2140 alignleft\" src=\"http:\/\/bibliotecadeverin.es\/wp-content\/uploads\/2018\/11\/cartaz-193x300.jpg\" alt=\"cartaz\" width=\"193\" height=\"300\" srcset=\"https:\/\/www.bibliotecadeverin.es\/wp-content\/uploads\/2018\/11\/cartaz-193x300.jpg 193w, https:\/\/www.bibliotecadeverin.es\/wp-content\/uploads\/2018\/11\/cartaz-657x1024.jpg 657w\" sizes=\"auto, (max-width: 193px) 100vw, 193px\" \/><\/a><\/p>\n<p style=\"margin: 0in; font-family: Calibri; font-size: 11.0pt;\"><a href=\"http:\/\/bit.ly\/2znDjOE\" target=\"_blank\" class=\"btn btn-info btn-lg\"><i class=\"fa fa-picture-o\"><\/i> &nbsp; CronoBiograf\u00eda D. Xesus Taboada Chivite<\/a>\n<p style=\"margin: 0in; font-family: Calibri; font-size: 11.0pt;\">\u00a0<\/p>\n<p style=\"margin: 0in; font-family: Calibri; font-size: 11.0pt;\">\u00a0<\/p>\n<p><strong>Na Lembranza de D. Xes\u00fas Taboada.<\/strong><\/p>\n<p>Dende a Biblioteca do Concello de Ver\u00edn queremos rendir homenaxe a D. Xes\u00fas Taboada Chivite, e coma t\u00f3dolos anos temos preparado un ciclo o 29 e 30 de novembro, cunha exposici\u00f3n de correspondencia con outros autores e coet\u00e1neos e unha conferencia a cargo de Paco L\u00f3pez-Barxas titulada \u00abXes\u00fas Taboada Chivite e Ben-Cho-Shey: Unha relaci\u00f3n de amizade e compromiso galeguista\u00bb.<\/p>\n<p>Ademais contaremos na inauguraci\u00f3n de t\u00f3dolos actos cun v\u00eddeo in\u00e9dito de D. Antonio Fraguas Fraguas (1905 \u2013 1999), que \u00e9 o homenaxeado nas Letras Galegas 2019.<\/p>\n","protected":false},"excerpt":{"rendered":"<p>\u00a0 \u00a0 Na Lembranza de D. Xes\u00fas Taboada. Dende a Biblioteca do Concello de Ver\u00edn queremos rendir homenaxe a D. Xes\u00fas Taboada Chivite, e&#8230; &nbsp; <a href=\"https:\/\/www.bibliotecadeverin.es\/?page_id=2137\" class=\"moretag\">Ler m\u00e1is<\/a><\/p>\n","protected":false},"author":7,"featured_media":0,"parent":0,"menu_order":0,"comment_status":"closed","ping_status":"closed","template":"","meta":{"footnotes":""},"class_list":["post-2137","page","type-page","status-publish","hentry"],"_links":{"self":[{"href":"https:\/\/www.bibliotecadeverin.es\/index.php?rest_route=\/wp\/v2\/pages\/2137","targetHints":{"allow":["GET"]}}],"collection":[{"href":"https:\/\/www.bibliotecadeverin.es\/index.php?rest_route=\/wp\/v2\/pages"}],"about":[{"href":"https:\/\/www.bibliotecadeverin.es\/index.php?rest_route=\/wp\/v2\/types\/page"}],"author":[{"embeddable":true,"href":"https:\/\/www.bibliotecadeverin.es\/index.php?rest_route=\/wp\/v2\/users\/7"}],"replies":[{"embeddable":true,"href":"https:\/\/www.bibliotecadeverin.es\/index.php?rest_route=%2Fwp%2Fv2%2Fcomments&post=2137"}],"version-history":[{"count":5,"href":"https:\/\/www.bibliotecadeverin.es\/index.php?rest_route=\/wp\/v2\/pages\/2137\/revisions"}],"predecessor-version":[{"id":2156,"href":"https:\/\/www.bibliotecadeverin.es\/index.php?rest_route=\/wp\/v2\/pages\/2137\/revisions\/2156"}],"wp:attachment":[{"href":"https:\/\/www.bibliotecadeverin.es\/index.php?rest_route=%2Fwp%2Fv2%2Fmedia&parent=2137"}],"curies":[{"name":"wp","href":"https:\/\/api.w.org\/{rel}","templated":true}]}}